{"id":1231,"date":"2016-06-29T16:06:11","date_gmt":"2016-06-29T19:06:11","guid":{"rendered":"http:\/\/heros.draconis.ufms.br\/?page_id=1231"},"modified":"2022-12-07T16:53:42","modified_gmt":"2022-12-07T20:53:42","slug":"videos","status":"publish","type":"page","link":"https:\/\/heros.ufms.br\/en\/videos\/","title":{"rendered":"V\u00eddeos"},"content":{"rendered":"<p><span style=\"color: #993300\"><strong><span style=\"font-family: arial, helvetica, sans-serif\">Hidrologia e APA Guariroba &#8211; Telejornalismo UFMS (02\/12\/2022)<\/span><\/strong><\/span><\/p>\n<p><iframe title=\"Programa Plural - Hidrologia e APA Guariroba\" width=\"500\" height=\"281\" src=\"https:\/\/www.youtube.com\/embed\/M-8bskZZyqc?feature=oembed\" frameborder=\"0\" allow=\"accelerometer; autoplay; clipboard-write; encrypted-media; gyroscope; picture-in-picture; web-share\" referrerpolicy=\"strict-origin-when-cross-origin\" allowfullscreen><\/iframe><\/p>\n<hr \/>\n<p class=\"style-scope ytd-watch-metadata\"><span style=\"color: #800000;font-family: arial, helvetica, sans-serif\"><strong>Pesquisas desenvolvidas pelo Laborat\u00f3rio HEroS &#8211; MS CI\u00caNCIA UFMS (21\/06\/22)<\/strong><\/span><\/p>\n<p><iframe title=\"MS CI\u00caNCIA Pesquisas desenvolvidas pelo Laborat\u00f3rio Heros\" width=\"500\" height=\"281\" src=\"https:\/\/www.youtube.com\/embed\/aODKMdoCJ20?feature=oembed\" frameborder=\"0\" allow=\"accelerometer; autoplay; clipboard-write; encrypted-media; gyroscope; picture-in-picture; web-share\" referrerpolicy=\"strict-origin-when-cross-origin\" allowfullscreen><\/iframe><\/p>\n<hr \/>\n<p><span style=\"color: #800000;font-family: arial, helvetica, sans-serif\"><strong>Seguran\u00e7a h\u00eddrica, alimentar e energ\u00e9tica &#8211; TV UFMS (16\/02\/22)<\/strong><\/span><\/p>\n<p><iframe title=\"Entrevista -  Seguran\u00e7a h\u00eddrica, alimentar e energ\u00e9tica\" width=\"500\" height=\"281\" src=\"https:\/\/www.youtube.com\/embed\/ScRo5y0ZbO0?feature=oembed\" frameborder=\"0\" allow=\"accelerometer; autoplay; clipboard-write; encrypted-media; gyroscope; picture-in-picture; web-share\" referrerpolicy=\"strict-origin-when-cross-origin\" allowfullscreen><\/iframe><\/p>\n<hr \/>\n<p><span style=\"color: #800000;font-family: arial, helvetica, sans-serif\"><strong>Sistema de Alerta para Inunda\u00e7\u00f5es &#8211; TV UFMS (07\/10\/2019)<\/strong><\/span><\/p>\n<p><iframe title=\"Sistema de Alerta para Inunda\u00e7\u00f5es\" width=\"500\" height=\"281\" src=\"https:\/\/www.youtube.com\/embed\/k6oNtEiR-8w?feature=oembed\" frameborder=\"0\" allow=\"accelerometer; autoplay; clipboard-write; encrypted-media; gyroscope; picture-in-picture; web-share\" referrerpolicy=\"strict-origin-when-cross-origin\" allowfullscreen><\/iframe><\/p>\n<hr \/>\n<p><span style=\"color: #800000;font-family: arial, helvetica, sans-serif\"><strong>Monitoramento da Bacia do Guariroba &#8211; TV UFMS (14\/06\/2019)<\/strong><\/span><\/p>\n<p><iframe title=\"Monitoramento Bacia do Guariroba\" width=\"500\" height=\"281\" src=\"https:\/\/www.youtube.com\/embed\/l7xWne9ovfY?feature=oembed\" frameborder=\"0\" allow=\"accelerometer; autoplay; clipboard-write; encrypted-media; gyroscope; picture-in-picture; web-share\" referrerpolicy=\"strict-origin-when-cross-origin\" allowfullscreen><\/iframe><\/p>\n<hr \/>\n<p>&nbsp;<\/p>\n<hr \/>\n<p style=\"text-align: justify\"><span style=\"font-family: arial, helvetica, sans-serif\"><strong><span style=\"color: #800000\">Projeto Manancial Vivo &#8211; Bacia do C\u00f3rrego Guariroba (11\/10\/18)<\/span><\/strong><\/span><\/p>\n<p><a href=\"https:\/\/www.youtube.com\/watch?v=tL5-fN3dQzM\">https:\/\/www.youtube.com\/watch?v=tL5-fN3dQzM<\/a><\/p>\n<hr \/>\n<p style=\"text-align: justify\"><span style=\"color: #800000;font-family: arial, helvetica, sans-serif\"><strong>Projeto \u00c1guasMS \/ CNPq (2013-2017)<br \/>\n<\/strong><\/span><\/p>\n<p><iframe title=\"AguasMS\" width=\"500\" height=\"375\" src=\"https:\/\/www.youtube.com\/embed\/J2BOsDPlFso?feature=oembed\" frameborder=\"0\" allow=\"accelerometer; autoplay; clipboard-write; encrypted-media; gyroscope; picture-in-picture; web-share\" referrerpolicy=\"strict-origin-when-cross-origin\" allowfullscreen><\/iframe><\/p>\n<hr \/>\n<p style=\"text-align: justify\"><span style=\"color: #800000;font-family: arial, helvetica, sans-serif\"><strong>Projeto ReHidro \/ CNPq (2010-2014)<br \/>\n<\/strong><\/span><\/p>\n<p><iframe title=\"video REHIDROfinal\" width=\"500\" height=\"281\" src=\"https:\/\/www.youtube.com\/embed\/WGvAYqeiNRc?feature=oembed\" frameborder=\"0\" allow=\"accelerometer; autoplay; clipboard-write; encrypted-media; gyroscope; picture-in-picture; web-share\" referrerpolicy=\"strict-origin-when-cross-origin\" allowfullscreen><\/iframe><\/p>\n<hr \/>\n<p><span style=\"color: #800000;font-family: arial, helvetica, sans-serif\"><strong><span id=\"eow-title\" class=\"watch-title\" dir=\"ltr\" title=\"Assoreamento do Lago do Amor - SBTMS\">Assoreamento do Lago do Amor &#8211; SBT MS (27\/01\/15)<\/span><\/strong><\/span><\/p>\n<p><iframe title=\"Assoreamento do Lago do Amor - SBTMS\" width=\"500\" height=\"281\" src=\"https:\/\/www.youtube.com\/embed\/RzisHtaRjxg?feature=oembed\" frameborder=\"0\" allow=\"accelerometer; autoplay; clipboard-write; encrypted-media; gyroscope; picture-in-picture; web-share\" referrerpolicy=\"strict-origin-when-cross-origin\" allowfullscreen><\/iframe><\/p>\n<p style=\"text-align: justify\">\n","protected":false},"excerpt":{"rendered":"<p>Hidrologia e APA Guariroba &#8211; Telejornalismo UFMS (02\/12\/2022) Pesquisas desenvolvidas pelo Laborat\u00f3rio HEroS &#8211; MS CI\u00caNCIA UFMS (21\/06\/22) Seguran\u00e7a h\u00eddrica, alimentar e energ\u00e9tica &#8211; TV UFMS (16\/02\/22) Sistema de Alerta para Inunda\u00e7\u00f5es &#8211; TV UFMS (07\/10\/2019) Monitoramento da Bacia do Guariroba &#8211; TV UFMS (14\/06\/2019) &nbsp; Projeto Manancial Vivo &#8211; Bacia do C\u00f3rrego Guariroba (11\/10\/18) [&hellip;]<\/p>\n","protected":false},"author":268,"featured_media":0,"parent":0,"menu_order":0,"comment_status":"closed","ping_status":"closed","template":"","meta":{"footnotes":""},"coauthors":[],"class_list":["post-1231","page","type-page","status-publish","hentry"],"_links":{"self":[{"href":"https:\/\/heros.ufms.br\/en\/wp-json\/wp\/v2\/pages\/1231","targetHints":{"allow":["GET"]}}],"collection":[{"href":"https:\/\/heros.ufms.br\/en\/wp-json\/wp\/v2\/pages"}],"about":[{"href":"https:\/\/heros.ufms.br\/en\/wp-json\/wp\/v2\/types\/page"}],"author":[{"embeddable":true,"href":"https:\/\/heros.ufms.br\/en\/wp-json\/wp\/v2\/users\/268"}],"replies":[{"embeddable":true,"href":"https:\/\/heros.ufms.br\/en\/wp-json\/wp\/v2\/comments?post=1231"}],"version-history":[{"count":46,"href":"https:\/\/heros.ufms.br\/en\/wp-json\/wp\/v2\/pages\/1231\/revisions"}],"predecessor-version":[{"id":3365,"href":"https:\/\/heros.ufms.br\/en\/wp-json\/wp\/v2\/pages\/1231\/revisions\/3365"}],"wp:attachment":[{"href":"https:\/\/heros.ufms.br\/en\/wp-json\/wp\/v2\/media?parent=1231"}],"wp:term":[{"taxonomy":"author","embeddable":true,"href":"https:\/\/heros.ufms.br\/en\/wp-json\/wp\/v2\/coauthors?post=1231"}],"curies":[{"name":"wp","href":"https:\/\/api.w.org\/{rel}","templated":true}]}}