{"id":1253,"date":"2016-08-12T15:32:27","date_gmt":"2016-08-12T18:32:27","guid":{"rendered":"http:\/\/heros.draconis.ufms.br\/?page_id=1253"},"modified":"2023-05-22T14:57:26","modified_gmt":"2023-05-22T18:57:26","slug":"lago-do-amor","status":"publish","type":"page","link":"https:\/\/heros.ufms.br\/en\/lago-do-amor\/","title":{"rendered":"Lago do Amor"},"content":{"rendered":"<ul>\n<li><span style=\"font-family: arial, helvetica, sans-serif;color: #993300;font-size: 12pt\"><a href=\"https:\/\/metropolems.com.br\/2023\/03\/16\/assoreamento-do-lago-do-amor-pode-agravar-inundacoes-na-regiao\/\"><span style=\"color: #800000\">Assoreamento do Lago do Amor pode agravar inunda\u00e7\u00f5es na regi\u00e3o<\/span><\/a><span style=\"color: #800000\"> (16\/03\/2023)<\/span><\/span><\/li>\n<li><a href=\"https:\/\/anais.abrhidro.org.br\/job.php?Job=5068\"><span style=\"font-family: arial, helvetica, sans-serif;font-size: 12pt\"><span style=\"color: #800000\">Assoreamento de reservat\u00f3rio urbano: estudo de caso do Lago do Amor<\/span><\/span><\/a><span style=\"font-family: arial, helvetica, sans-serif;font-size: 12pt;color: #800000\"> (XXIII SBRH\/2019)<\/span><\/li>\n<li><span style=\"font-family: arial, helvetica, sans-serif;font-size: 12pt;color: #800000\"><a style=\"color: #800000\" href=\"https:\/\/www.correiodoestado.com.br\/cidades\/em-duas-decadas-lagos-do-amor-e-de-parque-podem-desaparecer\/349266\">Em duas d\u00e9cadas, lagos do Amor e de parque podem desaparecer<\/a> (18\/03\/2019)<\/span><\/li>\n<li><span style=\"font-family: arial, helvetica, sans-serif;font-size: 12pt;color: #800000\"><a style=\"color: #800000\" href=\"http:\/\/globoplay.globo.com\/v\/7452703\/\">Lagos de Campo Grande pedem socorro<\/a> (13\/03\/2019)<\/span><\/li>\n<li style=\"text-align: justify\"><span style=\"font-family: arial, helvetica, sans-serif;font-size: 12pt;color: #800000\"><a style=\"color: #800000\" href=\"https:\/\/www.campograndenews.com.br\/meio-ambiente\/marcado-para-morrer-lago-do-amor-repete-sina-de-lagos-do-soter-e-radio\">Marcado para morrer, Lago do Amor repete sina de lagos do S\u00f3ter e R\u00e1dio<\/a> (12\/03\/2019)<\/span><\/li>\n<li style=\"text-align: justify\"><span style=\"font-family: arial, helvetica, sans-serif;font-size: 12pt;color: #800000\"><a style=\"color: #800000\" href=\"http:\/\/evolvedoc.com.br\/xxiisbrh\/detalhes-567_assoreamento-em-reservatorio-urbano\">Assoreamento em reservat\u00f3rio urbano<\/a> (XXII SBRH\/2017)<\/span><\/li>\n<li class=\"content-head__title\" style=\"text-align: justify\"><span style=\"font-family: arial, helvetica, sans-serif;font-size: 12pt;color: #800000\"><a style=\"color: #800000\" href=\"http:\/\/heros.draconis.ufms.br\/files\/2016\/08\/LAGO-DO-AMOR-em-QUESTOES.pdf\" target=\"_blank\" rel=\"noopener noreferrer\">Lago do Amor em Quest\u00e3o\u00a0<\/a>(01\/08\/2017)<\/span><\/li>\n<li class=\"content-head__title\" style=\"text-align: justify\"><span style=\"font-family: arial, helvetica, sans-serif;font-size: 12pt;color: #800000\"><a style=\"color: #800000\" href=\"http:\/\/g1.globo.com\/mato-grosso-do-sul\/noticia\/lago-do-amor-de-campo-grande-pode-desaparecer-em-20-anos-dizem-pesquisadores-da-ufms.ghtml\" target=\"_blank\" rel=\"noopener noreferrer\">Lago do Amor de Campo Grande pode desaparecer em 20 anos, dizem pesquisadores da UFMS<\/a> (18\/07\/2017)<\/span><\/li>\n<li style=\"text-align: justify\"><span style=\"font-family: arial, helvetica, sans-serif;font-size: 12pt;color: #800000\"><a style=\"color: #800000\" href=\"http:\/\/www.correiodoestado.com.br\/cidades\/campo-grande\/cartao-postal-de-campo-grande-lago-do-amor-pode-sumir-em-21-anos\/300923\/\" target=\"_blank\" rel=\"noopener noreferrer\">Cart\u00e3o postal de Campo Grande, Lago do Amor pode sumir em 21 anos<\/a>\u00a0(28\/03\/2017)<\/span><\/li>\n<li style=\"text-align: justify\"><span style=\"font-family: arial, helvetica, sans-serif;font-size: 12pt;color: #800000\"><a style=\"color: #800000\" href=\"https:\/\/www.campograndenews.com.br\/cidades\/capital\/assoreamento-poluicao-e-poucas-iniciativas-condenam-lagos-a-extincao\" target=\"_blank\" rel=\"noopener noreferrer\">Assoreamento, polui\u00e7\u00e3o e poucas iniciativas condenam lagos \u00e0 extin\u00e7\u00e3o<\/a>\u00a0(22\/03\/2017)<\/span><\/li>\n<li style=\"text-align: justify\"><span style=\"font-family: arial, helvetica, sans-serif;font-size: 12pt;color: #800000\"><a style=\"color: #800000\" href=\"http:\/\/www.primeiranoticia.ufms.br\/noticias\/situacao-do-lago-do-amor-de-campo-grande-ms-e-discutida-em-audiencia\/824\/\" target=\"_blank\" rel=\"noopener noreferrer\">Assoreamento do Lago do Amor de Campo Grande \u00e9 discutida em audi\u00eancia p\u00fablica<\/a>\u00a0(15\/08\/2016)<\/span><\/li>\n<li style=\"text-align: justify\"><span style=\"font-family: arial, helvetica, sans-serif;font-size: 12pt;color: #800000\"><a style=\"color: #800000\" href=\"http:\/\/www.acritica.net\/editorias\/geral\/lago-do-amor-pode-sumir-em-20-anos-alerta-especialista\/172192\/\" target=\"_blank\" rel=\"noopener noreferrer\">Lago do Amor pode \u2018sumir\u2019 em 20 anos, alerta especialista<\/a>\u00a0(10\/08\/2016)<\/span><\/li>\n<li style=\"text-align: justify\"><span style=\"font-family: arial, helvetica, sans-serif;font-size: 12pt;color: #800000\"><a style=\"color: #800000\" href=\"http:\/\/www.correiodoestado.com.br\/cidades\/campo-grande\/lago-do-amor-pode-desaparecer-em-20-anos-por-conta-de-assoreamento\/284184\/\" target=\"_blank\" rel=\"noopener noreferrer\">Lago do Amor pode desaparecer em 20 anos por conta de assoreamento<\/a>\u00a0(09\/08\/2016)<\/span><\/li>\n<li style=\"text-align: justify\"><span style=\"font-family: arial, helvetica, sans-serif;font-size: 12pt;color: #800000\"><a style=\"color: #800000\" href=\"http:\/\/www.midiamax.com.br\/cotidiano\/lago-amor-esta-morrendo-urbanizacao-culpada-291868\" target=\"_blank\" rel=\"noopener noreferrer\">Ponto tur\u00edstico da cidade, Lago do Amor est\u00e1 &#8216;morrendo&#8217; e urbaniza\u00e7\u00e3o \u00e9 a culpada<\/a>\u00a0(01\/03\/2016)<\/span><\/li>\n<li style=\"text-align: justify\"><span style=\"font-family: arial, helvetica, sans-serif;font-size: 12pt;color: #800000\"><a style=\"color: #800000\" href=\"http:\/\/heros.draconis.ufms.br\/files\/2016\/08\/AVALIA\u00c7\u00c3O-DE-ASSOREAMENTO-EM-RESERVAT\u00d3RIO-CIH.pdf\" target=\"_blank\" rel=\"noopener noreferrer\">Avalia\u00e7\u00e3o de assoreamento em reservat\u00f3rio urbano<\/a>\u00a0(CIH\/2015)<\/span><\/li>\n<li style=\"text-align: justify\"><span style=\"font-family: arial, helvetica, sans-serif;font-size: 12pt;color: #800000\"><a style=\"color: #800000\" href=\"http:\/\/www.diariodigital.com.br\/geral\/enquanto-a-capital-cresce-lagos-viram-deposito-de-areia-e-lixo\/116896\/\" target=\"_blank\" rel=\"noopener noreferrer\">Enquanto a Capital cresce, lagos viram dep\u00f3sito de areia e lixo<\/a>\u00a0(22\/07\/2014)<\/span><\/li>\n<li style=\"text-align: justify\"><span style=\"font-family: arial, helvetica, sans-serif;font-size: 12pt;color: #800000\"><a style=\"color: #800000\" href=\"http:\/\/www.correiodoestado.com.br\/noticias\/corregos-da-capital-correm-risco-alerta-especialista\/218319\/\" target=\"_blank\" rel=\"noopener noreferrer\">C\u00f3rregos da Capital correm risco, alerta especialista<\/a>\u00a0(05\/06\/2014)<\/span><\/li>\n<li style=\"text-align: justify\"><span style=\"font-family: arial, helvetica, sans-serif;font-size: 12pt;color: #800000\"><a style=\"color: #800000\" href=\"http:\/\/flip.siteseguro.ws\/pub\/correiodoestado\/index.jsp?ipg=351598\" target=\"_blank\" rel=\"noopener noreferrer\">Assoreamento amea\u00e7a Lago do Amor e do Radio Clube Campo<\/a>\u00a0(25\/05\/2014)<\/span><\/li>\n<li style=\"text-align: justify\"><span style=\"font-family: arial, helvetica, sans-serif;font-size: 12pt;color: #800000\"><a style=\"color: #800000\" href=\"http:\/\/www.midiamax.com.br\/noticias\/889712-professor-esclarece-assoreamento-no-lago-do-amor.html\" target=\"_blank\" rel=\"noopener noreferrer\">Professor esclarece assoreamento no Lago do Amor<\/a>\u00a0(04\/01\/2014)<\/span><\/li>\n<li style=\"text-align: justify\"><span style=\"font-family: arial, helvetica, sans-serif;font-size: 12pt;color: #800000\"><a style=\"color: #800000\" href=\"http:\/\/anais.abrh.org.br\/works\/886\" target=\"_blank\" rel=\"noopener noreferrer\">A evolu\u00e7\u00e3o do volume de reservat\u00f3rio artificial como indicador de assoreamento<\/a>\u00a0(XX SBRH\/2013)<\/span><\/li>\n<li style=\"text-align: justify\"><span style=\"font-family: arial, helvetica, sans-serif;font-size: 12pt;color: #800000\"><a style=\"color: #800000\" href=\"http:\/\/heros.draconis.ufms.br\/files\/2016\/08\/ENES160-JAMIL.pdf\">Avalia\u00e7\u00e3o do assoreamento de reservat\u00f3rio artificial atrav\u00e9s da an\u00e1lise multitemporal de dados batim\u00e9tricos <\/a>(X ENES\/2012)<\/span><\/li>\n<\/ul>\n<p style=\"text-align: left\"><span style=\"font-family: arial, helvetica, sans-serif;font-size: 12pt;color: #800000\">.<\/span><\/p>\n<h5 style=\"text-align: left\"><span style=\"font-family: arial, helvetica, sans-serif;font-size: 12pt\">.<\/span><\/h5>\n<h5 style=\"text-align: left\"><span style=\"font-family: arial, helvetica, sans-serif;font-size: 12pt\"><strong><span style=\"text-decoration: underline;color: #000000\">+ mais conte\u00fado voc\u00ea encontra no menu &#8220;Publica\u00e7\u00f5es\u00a0&#8212;&gt; V\u00eddeos&#8221;<\/span><\/strong><\/span><\/h5>\n","protected":false},"excerpt":{"rendered":"<p>Assoreamento do Lago do Amor pode agravar inunda\u00e7\u00f5es na regi\u00e3o (16\/03\/2023) Assoreamento de reservat\u00f3rio urbano: estudo de caso do Lago do Amor (XXIII SBRH\/2019) Em duas d\u00e9cadas, lagos do Amor e de parque podem desaparecer (18\/03\/2019) Lagos de Campo Grande pedem socorro (13\/03\/2019) Marcado para morrer, Lago do Amor repete sina de lagos do S\u00f3ter [&hellip;]<\/p>\n","protected":false},"author":268,"featured_media":0,"parent":0,"menu_order":0,"comment_status":"closed","ping_status":"closed","template":"","meta":{"footnotes":""},"coauthors":[],"class_list":["post-1253","page","type-page","status-publish","hentry"],"_links":{"self":[{"href":"https:\/\/heros.ufms.br\/en\/wp-json\/wp\/v2\/pages\/1253","targetHints":{"allow":["GET"]}}],"collection":[{"href":"https:\/\/heros.ufms.br\/en\/wp-json\/wp\/v2\/pages"}],"about":[{"href":"https:\/\/heros.ufms.br\/en\/wp-json\/wp\/v2\/types\/page"}],"author":[{"embeddable":true,"href":"https:\/\/heros.ufms.br\/en\/wp-json\/wp\/v2\/users\/268"}],"replies":[{"embeddable":true,"href":"https:\/\/heros.ufms.br\/en\/wp-json\/wp\/v2\/comments?post=1253"}],"version-history":[{"count":51,"href":"https:\/\/heros.ufms.br\/en\/wp-json\/wp\/v2\/pages\/1253\/revisions"}],"predecessor-version":[{"id":3388,"href":"https:\/\/heros.ufms.br\/en\/wp-json\/wp\/v2\/pages\/1253\/revisions\/3388"}],"wp:attachment":[{"href":"https:\/\/heros.ufms.br\/en\/wp-json\/wp\/v2\/media?parent=1253"}],"wp:term":[{"taxonomy":"author","embeddable":true,"href":"https:\/\/heros.ufms.br\/en\/wp-json\/wp\/v2\/coauthors?post=1253"}],"curies":[{"name":"wp","href":"https:\/\/api.w.org\/{rel}","templated":true}]}}