{"id":2642,"date":"2019-02-06T10:12:44","date_gmt":"2019-02-06T13:12:44","guid":{"rendered":"http:\/\/heros.draconis.ufms.br\/?page_id=2642"},"modified":"2022-06-23T15:14:42","modified_gmt":"2022-06-23T19:14:42","slug":"guariroba","status":"publish","type":"page","link":"https:\/\/heros.ufms.br\/en\/guariroba\/","title":{"rendered":"Bacia do Guariroba"},"content":{"rendered":"<h3 style=\"text-align: center\"><span style=\"color: #800000;font-family: arial, helvetica, sans-serif\"><strong>DADOS PLUVIOM\u00c9TRICOS<\/strong><\/span><\/h3>\n<p style=\"text-align: center\"><span style=\"font-family: arial, helvetica, sans-serif\"><strong>(2012-2021)<\/strong><\/span><\/p>\n\n\t\t<style type=\"text\/css\">\n\t\t\t#gallery-1 {\n\t\t\t\tmargin: auto;\n\t\t\t}\n\t\t\t#gallery-1 .gallery-item {\n\t\t\t\tfloat: left;\n\t\t\t\tmargin-top: 10px;\n\t\t\t\ttext-align: center;\n\t\t\t\twidth: 100%;\n\t\t\t}\n\t\t\t#gallery-1 img {\n\t\t\t\tborder: 2px solid #cfcfcf;\n\t\t\t}\n\t\t\t#gallery-1 .gallery-caption {\n\t\t\t\tmargin-left: 0;\n\t\t\t}\n\t\t\t\/* see gallery_shortcode() in wp-includes\/media.php *\/\n\t\t<\/style>\n\t\t<div id='gallery-1' class='gallery galleryid-2642 gallery-columns-1 gallery-size-medium'><dl class='gallery-item'>\n\t\t\t<dt class='gallery-icon landscape'>\n\t\t\t\t<a href='https:\/\/heros.ufms.br\/files\/2019\/01\/Localiza\u00e7\u00e3o-pluvio.jpg'><img fetchpriority=\"high\" decoding=\"async\" width=\"300\" height=\"256\" src=\"https:\/\/heros.ufms.br\/files\/2019\/01\/Localiza\u00e7\u00e3o-pluvio-300x256.jpg\" class=\"attachment-medium size-medium\" alt=\"\" aria-describedby=\"gallery-1-2643\" srcset=\"https:\/\/heros.ufms.br\/files\/2019\/01\/Localiza\u00e7\u00e3o-pluvio-300x256.jpg 300w, https:\/\/heros.ufms.br\/files\/2019\/01\/Localiza\u00e7\u00e3o-pluvio-768x655.jpg 768w, https:\/\/heros.ufms.br\/files\/2019\/01\/Localiza\u00e7\u00e3o-pluvio-375x320.jpg 375w, https:\/\/heros.ufms.br\/files\/2019\/01\/Localiza\u00e7\u00e3o-pluvio.jpg 809w\" sizes=\"(max-width: 300px) 100vw, 300px\" \/><\/a>\n\t\t\t<\/dt>\n\t\t\t\t<dd class='wp-caption-text gallery-caption' id='gallery-1-2643'>\n\t\t\t\tLocaliza\u00e7\u00e3o dos cinco pluvi\u00f3grafos instalados na Bacia do Guariroba, Campo Grande, MS.\n\t\t\t\t<\/dd><\/dl><br style=\"clear: both\" \/>\n\t\t<\/div>\n\n<p>&nbsp;<\/p>\n<p><span style=\"font-family: arial, helvetica, sans-serif\"><strong><span style=\"color: #800000\"><a href=\"https:\/\/heros.ufms.br\/files\/2022\/05\/Relatorio-de-dados-P1-2021.pdf\" target=\"_blank\" rel=\"noopener\"><img decoding=\"async\" class=\"alignnone wp-image-2365 size-full\" src=\"https:\/\/heros.ufms.br\/files\/2018\/08\/nota-e1534278030868.jpg\" alt=\"\" width=\"60\" height=\"60\" \/><\/a><\/span><\/strong><span style=\"color: #800000\">P1 &#8211; Fazenda Nova Alvorada<\/span><\/span><\/p>\n<p><span style=\"color: #800000;font-family: arial, helvetica, sans-serif\"><a href=\"https:\/\/heros.ufms.br\/files\/2022\/05\/Relatorio-de-dados-P2-2021.pdf\" target=\"_blank\" rel=\"noopener\"><img decoding=\"async\" class=\"alignnone wp-image-2365 size-full\" src=\"https:\/\/heros.ufms.br\/files\/2018\/08\/nota-e1534278030868.jpg\" alt=\"\" width=\"60\" height=\"60\" \/><\/a>P2 &#8211; Fazenda Saltinho<\/span><\/p>\n<p><span style=\"color: #800000;font-family: arial, helvetica, sans-serif\"><a href=\"https:\/\/heros.ufms.br\/files\/2022\/05\/Relatorio-de-dados-P3-2022.pdf\" target=\"_blank\" rel=\"noopener\"><img decoding=\"async\" class=\"alignnone wp-image-2365 size-full\" src=\"https:\/\/heros.ufms.br\/files\/2018\/08\/nota-e1534278030868.jpg\" alt=\"\" width=\"60\" height=\"60\" \/><\/a>P3 &#8211; Fazenda Barra do Guariroba<\/span><\/p>\n<p><span style=\"color: #800000;font-family: arial, helvetica, sans-serif\"><a href=\"https:\/\/heros.ufms.br\/files\/2022\/05\/Relatorio-de-dados-P4-2021.pdf\" target=\"_blank\" rel=\"noopener\"><img decoding=\"async\" class=\"alignnone wp-image-2365 size-full\" src=\"https:\/\/heros.ufms.br\/files\/2018\/08\/nota-e1534278030868.jpg\" alt=\"\" width=\"60\" height=\"60\" \/><\/a>P4 &#8211; Fazenda Rinc\u00e3o do Estoco<\/span><\/p>\n<p><span style=\"color: #800000;font-family: arial, helvetica, sans-serif\"><a href=\"https:\/\/heros.ufms.br\/files\/2022\/05\/Relatorio-de-dados-P5-2021.pdf\" target=\"_blank\" rel=\"noopener\"><img decoding=\"async\" class=\"alignnone wp-image-2365 size-full\" src=\"https:\/\/heros.ufms.br\/files\/2018\/08\/nota-e1534278030868.jpg\" alt=\"\" width=\"60\" height=\"60\" \/><\/a>P5 &#8211; Fazenda Soberana<\/span><\/p>\n<h6><\/h6>\n","protected":false},"excerpt":{"rendered":"<p>DADOS PLUVIOM\u00c9TRICOS (2012-2021) &nbsp; P1 &#8211; Fazenda Nova Alvorada P2 &#8211; Fazenda Saltinho P3 &#8211; Fazenda Barra do Guariroba P4 &#8211; Fazenda Rinc\u00e3o do Estoco P5 &#8211; Fazenda Soberana<\/p>\n","protected":false},"author":7294,"featured_media":0,"parent":0,"menu_order":0,"comment_status":"closed","ping_status":"closed","template":"","meta":{"footnotes":""},"coauthors":[],"class_list":["post-2642","page","type-page","status-publish","hentry"],"_links":{"self":[{"href":"https:\/\/heros.ufms.br\/en\/wp-json\/wp\/v2\/pages\/2642","targetHints":{"allow":["GET"]}}],"collection":[{"href":"https:\/\/heros.ufms.br\/en\/wp-json\/wp\/v2\/pages"}],"about":[{"href":"https:\/\/heros.ufms.br\/en\/wp-json\/wp\/v2\/types\/page"}],"author":[{"embeddable":true,"href":"https:\/\/heros.ufms.br\/en\/wp-json\/wp\/v2\/users\/7294"}],"replies":[{"embeddable":true,"href":"https:\/\/heros.ufms.br\/en\/wp-json\/wp\/v2\/comments?post=2642"}],"version-history":[{"count":35,"href":"https:\/\/heros.ufms.br\/en\/wp-json\/wp\/v2\/pages\/2642\/revisions"}],"predecessor-version":[{"id":3233,"href":"https:\/\/heros.ufms.br\/en\/wp-json\/wp\/v2\/pages\/2642\/revisions\/3233"}],"wp:attachment":[{"href":"https:\/\/heros.ufms.br\/en\/wp-json\/wp\/v2\/media?parent=2642"}],"wp:term":[{"taxonomy":"author","embeddable":true,"href":"https:\/\/heros.ufms.br\/en\/wp-json\/wp\/v2\/coauthors?post=2642"}],"curies":[{"name":"wp","href":"https:\/\/api.w.org\/{rel}","templated":true}]}}