{"id":267,"date":"2014-06-05T09:54:02","date_gmt":"2014-06-05T12:54:02","guid":{"rendered":"http:\/\/heros.draconis.ufms.br\/?page_id=267"},"modified":"2022-06-23T15:34:08","modified_gmt":"2022-06-23T19:34:08","slug":"analises-de-rotina","status":"publish","type":"page","link":"https:\/\/heros.ufms.br\/en\/analises-de-rotina\/","title":{"rendered":"Atividades desenvolvidas"},"content":{"rendered":"<p style=\"text-align: justify\"><span style=\"font-family: arial, helvetica, sans-serif\">O <span style=\"color: #800000\"><strong>HEroS Laborat\u00f3rio<\/strong><\/span> disp\u00f5e de instala\u00e7\u00f5es dedicadas a ensino, pesquisa e extens\u00e3o. \u00c9 mantido um criterioso processo de coleta e an\u00e1lise das amostras visando a qualidade de seus resultados.\u00a0 Investimentos s\u00e3o realizados constantemente a fim de alinhar as atividades desenvolvidas com t\u00e9cnicas mais atuais.<\/span><\/p>\n<p style=\"text-align: justify\"><span style=\"font-family: arial, helvetica, sans-serif\">Realizamos o monitoramento de fen\u00f4menos hidrossedimentol\u00f3gico em bacia hidrogr\u00e1fica. S\u00e3o monitorados descarga liquida, descarga s\u00f3lida e o regime de precipita\u00e7\u00e3o na regi\u00e3o.<\/span><\/p>\n<p style=\"text-align: justify\"><span style=\"font-family: arial, helvetica, sans-serif\">Realizam-se medi\u00e7\u00f5es batim\u00e9tricas em lagos, visando acompanhar processos de assoreamento do mesmo e possibilitando a determina\u00e7\u00e3o do tempo de vida \u00fatil da \u00e1rea.<\/span><\/p>\n<p style=\"text-align: justify\"><span style=\"font-family: arial, helvetica, sans-serif\">Com o uso de ferramentas computacionais s\u00e3o realizados estudos de conserva\u00e7\u00e3o de \u00e1gua e solo. S\u00e3o adotados modelos para predi\u00e7\u00e3o de perda de solo na bacia, avalia\u00e7\u00e3o de sistemas de terraceamento, eros\u00e3o e recupera\u00e7\u00e3o de \u00e1reas degradadas.<\/span><\/p>\n<p style=\"text-align: justify\"><span style=\"font-family: arial, helvetica, sans-serif\">O Simulador de Chuvas, modelo InfAsper, \u00e9 empregado para a determina\u00e7\u00e3o da infiltra\u00e7\u00e3o e taxa de perda de solo.<\/span><\/p>\n<p style=\"text-align: justify\"><span style=\"font-family: arial, helvetica, sans-serif\">O HEroS Laborat\u00f3rio realiza atividades relacionadas a:<\/span><\/p>\n<p style=\"text-align: justify\"><span style=\"font-family: arial, helvetica, sans-serif\">An\u00e1lises f\u00edsicas e h\u00eddricas do solo:<\/span><\/p>\n<ul style=\"text-align: justify\">\n<li><span style=\"font-family: arial, helvetica, sans-serif\">Textura<\/span><\/li>\n<li><span style=\"font-family: arial, helvetica, sans-serif\">Estrutura<\/span><\/li>\n<li><span style=\"font-family: arial, helvetica, sans-serif\">Densidade<\/span><\/li>\n<li><span style=\"font-family: arial, helvetica, sans-serif\">Porosidade<\/span><\/li>\n<li><span style=\"font-family: arial, helvetica, sans-serif\">Umidade<\/span><\/li>\n<\/ul>\n<p style=\"text-align: justify\"><span style=\"font-family: arial, helvetica, sans-serif\">Caracteriza\u00e7\u00e3o de solos:<\/span><\/p>\n<ul style=\"text-align: justify\">\n<li><span style=\"font-family: arial, helvetica, sans-serif\">An\u00e1lises granulom\u00e9tricas<\/span><\/li>\n<\/ul>\n<p style=\"text-align: justify\"><span style=\"font-family: arial, helvetica, sans-serif\">An\u00e1lises sedimentom\u00e9tricas:<\/span><\/p>\n<ul style=\"text-align: justify\">\n<li><span style=\"font-family: arial, helvetica, sans-serif\">Concentra\u00e7\u00e3o de sedimentos em suspens\u00e3o<\/span><\/li>\n<li><span style=\"font-family: arial, helvetica, sans-serif\">An\u00e1lise de suspens\u00e3o (pipetagem e tubo de remo\u00e7\u00e3o pela base)<\/span><\/li>\n<li><span style=\"font-family: arial, helvetica, sans-serif\">Granulometria de leito<\/span><\/li>\n<li><span style=\"font-family: arial, helvetica, sans-serif\">Descarga s\u00f3lida<\/span><\/li>\n<\/ul>\n<p style=\"text-align: justify\">\n","protected":false},"excerpt":{"rendered":"<p>O HEroS Laborat\u00f3rio disp\u00f5e de instala\u00e7\u00f5es dedicadas a ensino, pesquisa e extens\u00e3o. \u00c9 mantido um criterioso processo de coleta e an\u00e1lise das amostras visando a qualidade de seus resultados.\u00a0 Investimentos s\u00e3o realizados constantemente a fim de alinhar as atividades desenvolvidas com t\u00e9cnicas mais atuais. Realizamos o monitoramento de fen\u00f4menos hidrossedimentol\u00f3gico em bacia hidrogr\u00e1fica. S\u00e3o monitorados [&hellip;]<\/p>\n","protected":false},"author":788,"featured_media":0,"parent":0,"menu_order":0,"comment_status":"closed","ping_status":"closed","template":"","meta":{"footnotes":""},"coauthors":[],"class_list":["post-267","page","type-page","status-publish","hentry"],"_links":{"self":[{"href":"https:\/\/heros.ufms.br\/en\/wp-json\/wp\/v2\/pages\/267","targetHints":{"allow":["GET"]}}],"collection":[{"href":"https:\/\/heros.ufms.br\/en\/wp-json\/wp\/v2\/pages"}],"about":[{"href":"https:\/\/heros.ufms.br\/en\/wp-json\/wp\/v2\/types\/page"}],"author":[{"embeddable":true,"href":"https:\/\/heros.ufms.br\/en\/wp-json\/wp\/v2\/users\/788"}],"replies":[{"embeddable":true,"href":"https:\/\/heros.ufms.br\/en\/wp-json\/wp\/v2\/comments?post=267"}],"version-history":[{"count":22,"href":"https:\/\/heros.ufms.br\/en\/wp-json\/wp\/v2\/pages\/267\/revisions"}],"predecessor-version":[{"id":3245,"href":"https:\/\/heros.ufms.br\/en\/wp-json\/wp\/v2\/pages\/267\/revisions\/3245"}],"wp:attachment":[{"href":"https:\/\/heros.ufms.br\/en\/wp-json\/wp\/v2\/media?parent=267"}],"wp:term":[{"taxonomy":"author","embeddable":true,"href":"https:\/\/heros.ufms.br\/en\/wp-json\/wp\/v2\/coauthors?post=267"}],"curies":[{"name":"wp","href":"https:\/\/api.w.org\/{rel}","templated":true}]}}