{"id":41,"date":"2013-10-26T20:35:32","date_gmt":"2013-10-26T23:35:32","guid":{"rendered":"http:\/\/heros.draconis.ufms.br\/?page_id=41"},"modified":"2022-06-23T14:52:32","modified_gmt":"2022-06-23T18:52:32","slug":"localizacao","status":"publish","type":"page","link":"https:\/\/heros.ufms.br\/en\/localizacao\/","title":{"rendered":"CONTATO"},"content":{"rendered":"<h4 style=\"text-align: center\"><span style=\"color: #800000;font-family: arial, helvetica, sans-serif\"><strong>Grupo de pesquisa e Laborat\u00f3rio HEroS &#8211; Hidrologia, Eros\u00e3o e Sedimentos<\/strong><\/span><\/h4>\n<p style=\"text-align: center\"><span style=\"font-family: arial, helvetica, sans-serif\">Funda\u00e7\u00e3o Universidade Federal do Mato Grosso do Sul<\/span><\/p>\n<p style=\"text-align: center\"><span style=\"font-family: arial, helvetica, sans-serif\">Faculdade de Engenharias, Arquitetura e Urbanismo e Geografia &#8211; FAENG<\/span><\/p>\n<p style=\"text-align: center\"><span style=\"font-family: arial, helvetica, sans-serif\">Av. Costa e Silva, s\/n, Bairro Universit\u00e1rio.\u00a0Campo Grande \u2013 MS. CEP 79070-900<\/span><\/p>\n<p style=\"text-align: center\"><span style=\"font-family: arial, helvetica, sans-serif\">Setor 1, Bloco 12\/PGTA, ao lado da Guarita do port\u00e3o 3<\/span><\/p>\n<p style=\"text-align: center\"><span style=\"font-family: arial, helvetica, sans-serif\">Telefones: +55 (67) 3345-7440 \/ 3345-7458<\/span><\/p>\n<p style=\"text-align: center\"><span style=\"font-family: arial, helvetica, sans-serif\">E-mail: <strong>heros.faeng@ufms.br<\/strong><\/span><\/p>\n<p>&nbsp;<\/p>\n<p style=\"text-align: center\"><span style=\"color: #ff0000;font-family: arial, helvetica, sans-serif\"><a style=\"color: #ff0000\" href=\"https:\/\/goo.gl\/maps\/sQAvkUzAhQjZGfqP7\">+Mapa de localiza\u00e7\u00e3o+<\/a><\/span><\/p>\n<h4 style=\"text-align: center\"><\/h4>\n","protected":false},"excerpt":{"rendered":"<p>Grupo de pesquisa e Laborat\u00f3rio HEroS &#8211; Hidrologia, Eros\u00e3o e Sedimentos Funda\u00e7\u00e3o Universidade Federal do Mato Grosso do Sul Faculdade de Engenharias, Arquitetura e Urbanismo e Geografia &#8211; FAENG Av. Costa e Silva, s\/n, Bairro Universit\u00e1rio.\u00a0Campo Grande \u2013 MS. CEP 79070-900 Setor 1, Bloco 12\/PGTA, ao lado da Guarita do port\u00e3o 3 Telefones: +55 (67) [&hellip;]<\/p>\n","protected":false},"author":788,"featured_media":0,"parent":0,"menu_order":0,"comment_status":"closed","ping_status":"closed","template":"","meta":{"footnotes":""},"coauthors":[],"class_list":["post-41","page","type-page","status-publish","hentry"],"_links":{"self":[{"href":"https:\/\/heros.ufms.br\/en\/wp-json\/wp\/v2\/pages\/41","targetHints":{"allow":["GET"]}}],"collection":[{"href":"https:\/\/heros.ufms.br\/en\/wp-json\/wp\/v2\/pages"}],"about":[{"href":"https:\/\/heros.ufms.br\/en\/wp-json\/wp\/v2\/types\/page"}],"author":[{"embeddable":true,"href":"https:\/\/heros.ufms.br\/en\/wp-json\/wp\/v2\/users\/788"}],"replies":[{"embeddable":true,"href":"https:\/\/heros.ufms.br\/en\/wp-json\/wp\/v2\/comments?post=41"}],"version-history":[{"count":31,"href":"https:\/\/heros.ufms.br\/en\/wp-json\/wp\/v2\/pages\/41\/revisions"}],"predecessor-version":[{"id":3224,"href":"https:\/\/heros.ufms.br\/en\/wp-json\/wp\/v2\/pages\/41\/revisions\/3224"}],"wp:attachment":[{"href":"https:\/\/heros.ufms.br\/en\/wp-json\/wp\/v2\/media?parent=41"}],"wp:term":[{"taxonomy":"author","embeddable":true,"href":"https:\/\/heros.ufms.br\/en\/wp-json\/wp\/v2\/coauthors?post=41"}],"curies":[{"name":"wp","href":"https:\/\/api.w.org\/{rel}","templated":true}]}}