{"id":44,"date":"2013-10-26T20:39:33","date_gmt":"2013-10-26T23:39:33","guid":{"rendered":"http:\/\/heros.draconis.ufms.br\/?page_id=44"},"modified":"2022-06-23T14:58:20","modified_gmt":"2022-06-23T18:58:20","slug":"grupo-de-pesquisa","status":"publish","type":"page","link":"https:\/\/heros.ufms.br\/en\/grupo-de-pesquisa\/","title":{"rendered":"Grupos de Pesquisa"},"content":{"rendered":"<h3><span style=\"text-decoration: underline\"><span style=\"color: #800000;text-decoration: underline\"><strong><a style=\"color: #800000;text-decoration: underline\" href=\"http:\/\/dgp.cnpq.br\/dgp\/espelhogrupo\/6132631432949959\"><span style=\"font-family: arial, helvetica, sans-serif\">HEroS: Hidrologia, Eros\u00e3o e Sedimentos<\/span><\/a><span style=\"font-family: arial, helvetica, sans-serif\">\u00a0<\/span><\/strong><\/span><\/span><\/h3>\n<h3><span style=\"text-decoration: underline\"><span style=\"color: #800000;font-family: arial, helvetica, sans-serif;text-decoration: underline\"><a style=\"color: #800000;text-decoration: underline\" href=\"http:\/\/dgp.cnpq.br\/dgp\/espelhogrupo\/2358493508061136\">Hidrologia e Seguran\u00e7a H\u00eddrica<\/a><\/span><\/span><\/h3>\n<hr \/>\n<h4 style=\"padding-left: 30px\"><span style=\"color: #800000;font-family: arial, helvetica, sans-serif;font-size: 12pt\"><strong>COORDENADORES<\/strong><\/span><\/h4>\n<p style=\"text-align: left;padding-left: 40px\"><span style=\"font-family: arial, helvetica, sans-serif\"><a href=\"http:\/\/buscatextual.cnpq.br\/buscatextual\/visualizacv.do?metodo=apresentar&amp;id=K4231726P7\" target=\"_blank\" rel=\"noopener noreferrer\"><strong>Paulo Tarso Sanches de Oliveira, Dr.<\/strong><\/a><\/span><br \/>\n<span style=\"font-family: arial, helvetica, sans-serif\">Professor Adjunto<\/span><br \/>\n<span style=\"font-family: arial, helvetica, sans-serif\">paulo.t.oliveira@ufms.br<\/span><\/p>\n<p style=\"padding-left: 40px\"><span style=\"font-family: arial, helvetica, sans-serif\"><a href=\"http:\/\/lattes.cnpq.br\/4956730907128122\"><strong>Dulce Buchala Bicca Rodrigues, Dr.<\/strong><\/a><\/span><br \/>\n<span style=\"font-family: arial, helvetica, sans-serif\">Professora Adjunta<\/span><br \/>\n<span style=\"font-family: arial, helvetica, sans-serif\">dulcebbr@gmail.com<\/span><\/p>\n<p style=\"padding-left: 40px\"><span style=\"font-family: arial, helvetica, sans-serif\"><a href=\"http:\/\/buscatextual.cnpq.br\/buscatextual\/visualizacv.do?metodo=apresentar&amp;id=K4780071A9\" target=\"_blank\" rel=\"noopener noreferrer\"><strong>Teodorico Alves Sobrinho, Dr.<\/strong><\/a><\/span><br \/>\n<span style=\"font-family: arial, helvetica, sans-serif\">Professor Titular Aposentado, Pesquisador S\u00eanior<\/span><br \/>\n<span style=\"font-family: arial, helvetica, sans-serif\">teodorico.alves@ufms.br<\/span><\/p>\n<hr \/>\n<h4 style=\"text-align: left;padding-left: 30px\"><span style=\"font-family: arial, helvetica, sans-serif;font-size: 12pt\"><strong><span style=\"color: #800000\">CORPO T\u00c9CNICO<\/span><\/strong><\/span><\/h4>\n<p style=\"padding-left: 30px\"><span style=\"font-family: arial, helvetica, sans-serif\"><a href=\"http:\/\/lattes.cnpq.br\/1948332837127055\" target=\"_blank\" rel=\"noopener noreferrer\"><strong><span class=\"\">Camila Bolognes Couto Pahl<\/span>, MSc.<\/strong><\/a><\/span><br \/>\n<span style=\"font-family: arial, helvetica, sans-serif\">T\u00e9cnica do Laborat\u00f3rio HEroS<\/span><br \/>\n<span class=\"gI\" style=\"font-family: arial, helvetica, sans-serif\">camila.couto@ufms.br<\/span><\/p>\n","protected":false},"excerpt":{"rendered":"<p>HEroS: Hidrologia, Eros\u00e3o e Sedimentos\u00a0 Hidrologia e Seguran\u00e7a H\u00eddrica COORDENADORES Paulo Tarso Sanches de Oliveira, Dr. Professor Adjunto paulo.t.oliveira@ufms.br Dulce Buchala Bicca Rodrigues, Dr. Professora Adjunta dulcebbr@gmail.com Teodorico Alves Sobrinho, Dr. Professor Titular Aposentado, Pesquisador S\u00eanior teodorico.alves@ufms.br CORPO T\u00c9CNICO Camila Bolognes Couto Pahl, MSc. T\u00e9cnica do Laborat\u00f3rio HEroS camila.couto@ufms.br<\/p>\n","protected":false},"author":788,"featured_media":0,"parent":0,"menu_order":0,"comment_status":"closed","ping_status":"closed","template":"page-templates\/page-coordenadorias.php","meta":{"footnotes":""},"coauthors":[],"class_list":["post-44","page","type-page","status-publish","hentry"],"_links":{"self":[{"href":"https:\/\/heros.ufms.br\/en\/wp-json\/wp\/v2\/pages\/44","targetHints":{"allow":["GET"]}}],"collection":[{"href":"https:\/\/heros.ufms.br\/en\/wp-json\/wp\/v2\/pages"}],"about":[{"href":"https:\/\/heros.ufms.br\/en\/wp-json\/wp\/v2\/types\/page"}],"author":[{"embeddable":true,"href":"https:\/\/heros.ufms.br\/en\/wp-json\/wp\/v2\/users\/788"}],"replies":[{"embeddable":true,"href":"https:\/\/heros.ufms.br\/en\/wp-json\/wp\/v2\/comments?post=44"}],"version-history":[{"count":119,"href":"https:\/\/heros.ufms.br\/en\/wp-json\/wp\/v2\/pages\/44\/revisions"}],"predecessor-version":[{"id":3228,"href":"https:\/\/heros.ufms.br\/en\/wp-json\/wp\/v2\/pages\/44\/revisions\/3228"}],"wp:attachment":[{"href":"https:\/\/heros.ufms.br\/en\/wp-json\/wp\/v2\/media?parent=44"}],"wp:term":[{"taxonomy":"author","embeddable":true,"href":"https:\/\/heros.ufms.br\/en\/wp-json\/wp\/v2\/coauthors?post=44"}],"curies":[{"name":"wp","href":"https:\/\/api.w.org\/{rel}","templated":true}]}}