{"id":47,"date":"2013-10-26T20:41:22","date_gmt":"2013-10-26T23:41:22","guid":{"rendered":"http:\/\/heros.draconis.ufms.br\/?page_id=47"},"modified":"2022-06-23T15:23:38","modified_gmt":"2022-06-23T19:23:38","slug":"projetos","status":"publish","type":"page","link":"https:\/\/heros.ufms.br\/en\/projetos\/","title":{"rendered":"Projetos e Relat\u00f3rios"},"content":{"rendered":"<h4 style=\"text-align: justify\"><span style=\"font-family: arial, helvetica, sans-serif\"><strong><span style=\"text-decoration: underline\"><span style=\"color: #800000;text-decoration: underline\">EM ANDAMENTO<\/span><\/span><br \/>\n<\/strong><\/span><\/h4>\n<p style=\"text-align: justify\"><span style=\"font-family: arial, helvetica, sans-serif\"><strong>T\u00cdTULO<\/strong>: <strong>SegHAE<\/strong> &#8211; Seguran\u00e7a H\u00eddrica-Alimentar-Energ\u00e9tica no Cerrado Brasileiro<\/span><\/p>\n<p style=\"text-align: justify\"><span style=\"font-family: arial, helvetica, sans-serif\"><strong>Vig\u00eancia: <\/strong>2018 \u2013 Atual <\/span><\/p>\n<p style=\"text-align: justify\"><span style=\"font-family: arial, helvetica, sans-serif\"><strong>Descri\u00e7\u00e3o<\/strong>: Chamada MCTI\/CNPq N\u00ba 19\/2017\/Nexus I: Pesquisa e Desenvolvimento em A\u00e7\u00f5es Integradas e Sustent\u00e1veis para a Garantia da Seguran\u00e7a H\u00eddrica, Energ\u00e9tica e Alimentar nos Biomas Caatinga e Cerrado.<\/span><\/p>\n<p style=\"text-align: justify\"><span style=\"font-family: arial, helvetica, sans-serif\"><strong>Integrantes:<\/strong> Paulo Tarso Sanches de Oliveira (Coordenador) \/ Dulce Buchala Bicca Rodrigues \/ Teodorico Alves Sobrinho \/ Eloi Panachuki \/ Edson Wendland \/ Mark A. Nearing \/ Hoshin V. Gupta \/ Rafael Rosolem \/ Tiago Mattos \/ Andr\u00e9 Almagro \/ Jos\u00e9 Marcato Junior \/ Johannes Gerson Janzen \/ Carina Barbosa Colman\/ Jullian Souza Sone \/ Karina Mendes Pinheiro Garcia \/ Natalya Emmanuely Mohr Kublik \/ Gabriela Chiquito Gesualdo \/ Stefan Hagemann \/ Thiago Rangel Rodrigues \/ Jos\u00e9 de Souza Nogueira<\/span><\/p>\n<hr \/>\n<p style=\"text-align: justify\"><span style=\"font-family: arial, helvetica, sans-serif\"><strong>T\u00cdTULO<\/strong>: Processos hidrol\u00f3gicos e Seguran\u00e7a H\u00eddrica no Brasil<\/span><\/p>\n<p style=\"text-align: justify\"><span style=\"font-family: arial, helvetica, sans-serif\"><strong>Vig\u00eancia: <\/strong>2017 \u2013 Atual <\/span><\/p>\n<p style=\"text-align: justify\"><span style=\"font-family: arial, helvetica, sans-serif\"><strong>Descri\u00e7\u00e3o<\/strong>: Mudan\u00e7as no uso e ocupa\u00e7\u00e3o do solo e a influ\u00eancia das mudan\u00e7as clim\u00e1ticas globais tem causado diversas altera\u00e7\u00f5es nos processos hidrol\u00f3gicos. No entanto, essas mudan\u00e7as s\u00e3o ainda pouco entendidas, apesar de fundamentais na tomada de decis\u00e3o de uso do solo e da \u00e1gua. Neste projeto pretende-se desenvolver novos conceitos e propostas de adapta\u00e7\u00e3o frente aos fen\u00f4menos de extremos clim\u00e1ticos, e as intera\u00e7\u00f5es com as mudan\u00e7as clim\u00e1ticas nos processos hidrol\u00f3gicos visando subsidiar o uso e ocupa\u00e7\u00e3o do solo e a seguran\u00e7a h\u00eddrica. Para tanto, ser\u00e3o utilizados dados de sensoriamento remoto, modelos globais e dados hidrolometerol\u00f3gicos observados. Esses dados ser\u00e3o implementados na an\u00e1lise de \u00edndices de seca meteorol\u00f3gicos e de eros\u00e3o do solo. Al\u00e9m disso, cada componente do balan\u00e7o h\u00eddrico ser\u00e3o estudados temporalmente a fim de avaliar condi\u00e7\u00f5es de extremos na regi\u00e3o. Posteriormente ser\u00e3o desenvolvidas an\u00e1lises de tend\u00eancias das s\u00e9ries hist\u00f3ricas dos componentes do balan\u00e7o h\u00eddrico e a verifica\u00e7\u00e3o da capacidade de recupera\u00e7\u00e3o dos n\u00edveis de armazenamento de \u00e1gua no solo, aqu\u00edferos, rios e reservat\u00f3rios ap\u00f3s per\u00edodos de extremos hidrol\u00f3gicos (cheia e estiagem). A partir deste projeto ser\u00e3o desenvolvidos novos conceitos e conclus\u00f5es que poder\u00e3o auxiliar na tomada de decis\u00e3o de uso e ocupa\u00e7\u00e3o do solo e na seguran\u00e7a h\u00eddrica. Espera-se que as conclus\u00f5es deste projeto possam ser \u00fateis para subsidiar planos de zoneamento agr\u00edcola e ambiental, uso racional dos recursos naturais e proporcionar uma produ\u00e7\u00e3o agr\u00edcola mais eficiente no Brasil.\u00a0<\/span><\/p>\n<p style=\"text-align: justify\"><span style=\"font-family: arial, helvetica, sans-serif\"><strong> Integrantes:<\/strong> Paulo Tarso Sanches de Oliveira (Coordenador)\/ Dulce Buchala Bicca Rodrigues &#8211; Teodorico Alves Sobrinho -\/ Andr\u00e9 Almagro \/ Jos\u00e9 Marcato Junior \/ Carina Barbosa Colman \/ Jullian Souza Sone \/ Karina Mendes Pinheiro Garcia \/ Luiz Claudio Galv\u00e3o do Valle Junior \/ Natalya Emmanuely Mohr Kublik \/ Camila Bolognes Couto Pahl \/ Gabriela Chiquito Gesualdo \/ Tiago Souza Mattos.<\/span><\/p>\n<hr \/>\n<h4><span style=\"text-decoration: underline;font-family: arial, helvetica, sans-serif\"><span style=\"color: #800000\"><strong>CONCLU\u00cdDOS <\/strong><\/span><\/span><\/h4>\n<p style=\"text-align: justify\"><span style=\"font-family: arial, helvetica, sans-serif\"><strong>T\u00cdTULO: <\/strong>Estudo hidrol\u00f3gico, sedimentol\u00f3gico e hidroqu\u00edmico de \u00e1guas superficial e subterr\u00e2nea \u00a0 como suporte ao gerenciamento de bacia hidrogr\u00e1fica (<strong>AguasMS<\/strong>).<\/span><\/p>\n<p style=\"text-align: justify\"><span style=\"font-family: arial, helvetica, sans-serif\"><strong>Vig\u00eancia: \u00a0<\/strong><strong>\u00a0<\/strong>Nov\/2013<strong>\u00a0\u2013\u00a0<\/strong>Nov\/2017<\/span><\/p>\n<p style=\"text-align: justify\"><span style=\"font-family: arial, helvetica, sans-serif\"><strong>Equipe:<\/strong> \u00a0Teodorico Alves Sobrinho (Coordenador); Sandra Garcia Gabas; Giancarlo Lastoria; Camila Bolognes Couto; Celia Santos de Souza Pereira; Glauber Altr\u00e3o Carvalho (Doutor); Karina Mendes Pinheiro (Doutoranda); Fernanda Ely Lima; Juliana \u00a0de Mendon\u00e7a Casadei (Mestranda); Rodrigo de Moraes Pompeu (Mestrando); Andr\u00e9 Almagro (Mestrando); Carina Barbosa Colamn (Mestrando); Pedro Alberto Pereira Zamboni (Graduando); Raquel Matoso de Oliveira Nishimoto (Graduanda), Guilherme Coletto Gomes (Graduando).\u00a0<\/span><\/p>\n<p style=\"text-align: justify\"><span style=\"font-family: arial, helvetica, sans-serif\"><strong>Parcerias:\u00a0<\/strong>Prefeitura Municipal de Campo Grande (SEMADUR); Associa\u00e7\u00e3o de Recupera\u00e7\u00e3o, Conserva\u00e7\u00e3o e Preserva\u00e7\u00e3o da APA do GUARIROBA; Empresa de \u00c1guas Guariroba.<\/span><\/p>\n<h6><strong><span style=\"font-family: arial, helvetica, sans-serif\"><a href=\"http:\/\/heros.draconis.ufms.br\/files\/2018\/03\/Relatorio-AGUASMS.pdf\" target=\"_blank\" rel=\"noopener noreferrer\"><img decoding=\"async\" class=\"alignnone wp-image-2365 size-full\" src=\"https:\/\/heros.ufms.br\/files\/2018\/08\/nota-e1534278030868.jpg\" alt=\"\" width=\"60\" height=\"60\" \/><\/a><\/span><span class=\"st\"><span style=\"font-family: arial, helvetica, sans-serif\"><span style=\"font-size: 12pt\"><span style=\"font-size: 10pt\">Relat\u00f3rio T\u00e9cnico Final<\/span>\u00a0\u00a0 \u00a0 \u00a0 \u00a0<\/span> \u00a0 \u00a0 \u00a0 \u00a0 \u00a0 \u00a0 \u00a0\u00a0 <a href=\"https:\/\/youtu.be\/J2BOsDPlFso\" target=\"_blank\" rel=\"noopener\"><img decoding=\"async\" class=\"alignnone wp-image-2170\" src=\"https:\/\/heros.ufms.br\/files\/2018\/03\/video-film-strip_318-41449-300x300.jpg\" alt=\"\" width=\"60\" height=\"60\" srcset=\"https:\/\/heros.ufms.br\/files\/2018\/03\/video-film-strip_318-41449-300x300.jpg 300w, https:\/\/heros.ufms.br\/files\/2018\/03\/video-film-strip_318-41449-150x150.jpg 150w, https:\/\/heros.ufms.br\/files\/2018\/03\/video-film-strip_318-41449-320x320.jpg 320w, https:\/\/heros.ufms.br\/files\/2018\/03\/video-film-strip_318-41449.jpg 626w\" sizes=\"(max-width: 60px) 100vw, 60px\" \/><\/a>\u00a0\u00a0<span style=\"font-size: 10pt\"> V\u00eddeo<\/span><\/span><br \/>\n<\/span><\/strong><\/h6>\n<hr \/>\n<p style=\"text-align: justify\"><span style=\"font-family: arial, helvetica, sans-serif\"><strong>T\u00cdTULO: <\/strong>Reflorestamento e estudo hidrossedimentol\u00f3gico como suportes ao gerenciamento ambiental e hidrol\u00f3gico (<strong>ReHidro<\/strong>).<\/span><\/p>\n<p style=\"text-align: justify\"><span style=\"font-family: arial, helvetica, sans-serif\"><strong>Vig\u00eancia<\/strong>: Dez\/2010 \u2013 julho\/2015 <\/span><\/p>\n<p style=\"text-align: justify\"><span style=\"font-family: arial, helvetica, sans-serif\"><strong>Fomento<\/strong>: Financiado pelo CNPq \u2013 Edital MCT\/CNPq\/ 26\/2010, Valor R$ 161.366,90<\/span><\/p>\n<p style=\"text-align: justify\"><span style=\"font-family: arial, helvetica, sans-serif\"><strong>Equipe:<\/strong> Teodorico Alves Sobrinho (Coordenador); Jorge Luiz Steffen; Isabel Kaufmann de Almeida; Synara Aparecida Olendzki Broch; Cl\u00e1udia Gon\u00e7alves Vianna Bacchi. Dois mestrandos, um Doutorando e dois alunos de gradua\u00e7\u00e3o.<\/span><\/p>\n<p style=\"text-align: justify\"><span style=\"font-family: arial, helvetica, sans-serif\"><strong>Parcerias: <\/strong>Prefeitura Municipal de Campo Grande (SEMADUR); Associa\u00e7\u00e3o de Recupera\u00e7\u00e3o, Conserva\u00e7\u00e3o e Preserva\u00e7\u00e3o da APA do GUARIROBA; Empresa de \u00c1guas Guariroba.\u00a0<\/span><\/p>\n<h6><span style=\"font-family: arial, helvetica, sans-serif\"><strong><span class=\"st\">\u00a0 <a href=\"https:\/\/heros.ufms.br\/files\/2018\/03\/Relatorio-REHIDRO.pdf\" target=\"_blank\" rel=\"noopener\"><img decoding=\"async\" class=\"alignnone wp-image-2365 size-full\" src=\"https:\/\/heros.ufms.br\/files\/2018\/08\/nota-e1534278030868.jpg\" alt=\"\" width=\"60\" height=\"60\" \/><\/a><span style=\"font-size: 10pt\">Relat\u00f3rio T\u00e9cnico Final\u00a0<\/span>\u00a0 \u00a0 \u00a0 \u00a0 \u00a0 \u00a0 \u00a0 \u00a0 \u00a0 \u00a0 \u00a0\u00a0 <a href=\"https:\/\/youtu.be\/WGvAYqeiNRc\" target=\"_blank\" rel=\"noopener\"><img decoding=\"async\" class=\"alignnone wp-image-2170\" src=\"https:\/\/heros.ufms.br\/files\/2018\/03\/video-film-strip_318-41449-300x300.jpg\" alt=\"\" width=\"60\" height=\"60\" srcset=\"https:\/\/heros.ufms.br\/files\/2018\/03\/video-film-strip_318-41449-300x300.jpg 300w, https:\/\/heros.ufms.br\/files\/2018\/03\/video-film-strip_318-41449-150x150.jpg 150w, https:\/\/heros.ufms.br\/files\/2018\/03\/video-film-strip_318-41449-320x320.jpg 320w, https:\/\/heros.ufms.br\/files\/2018\/03\/video-film-strip_318-41449.jpg 626w\" sizes=\"(max-width: 60px) 100vw, 60px\" \/><\/a>\u00a0\u00a0 <span style=\"font-size: 10pt\">V\u00eddeo <\/span><\/span><\/strong><\/span><\/h6>\n","protected":false},"excerpt":{"rendered":"<p>EM ANDAMENTO T\u00cdTULO: SegHAE &#8211; Seguran\u00e7a H\u00eddrica-Alimentar-Energ\u00e9tica no Cerrado Brasileiro Vig\u00eancia: 2018 \u2013 Atual Descri\u00e7\u00e3o: Chamada MCTI\/CNPq N\u00ba 19\/2017\/Nexus I: Pesquisa e Desenvolvimento em A\u00e7\u00f5es Integradas e Sustent\u00e1veis para a Garantia da Seguran\u00e7a H\u00eddrica, Energ\u00e9tica e Alimentar nos Biomas Caatinga e Cerrado. Integrantes: Paulo Tarso Sanches de Oliveira (Coordenador) \/ Dulce Buchala Bicca Rodrigues \/ [&hellip;]<\/p>\n","protected":false},"author":788,"featured_media":0,"parent":0,"menu_order":0,"comment_status":"closed","ping_status":"closed","template":"","meta":{"footnotes":""},"coauthors":[],"class_list":["post-47","page","type-page","status-publish","hentry"],"_links":{"self":[{"href":"https:\/\/heros.ufms.br\/en\/wp-json\/wp\/v2\/pages\/47","targetHints":{"allow":["GET"]}}],"collection":[{"href":"https:\/\/heros.ufms.br\/en\/wp-json\/wp\/v2\/pages"}],"about":[{"href":"https:\/\/heros.ufms.br\/en\/wp-json\/wp\/v2\/types\/page"}],"author":[{"embeddable":true,"href":"https:\/\/heros.ufms.br\/en\/wp-json\/wp\/v2\/users\/788"}],"replies":[{"embeddable":true,"href":"https:\/\/heros.ufms.br\/en\/wp-json\/wp\/v2\/comments?post=47"}],"version-history":[{"count":20,"href":"https:\/\/heros.ufms.br\/en\/wp-json\/wp\/v2\/pages\/47\/revisions"}],"predecessor-version":[{"id":3236,"href":"https:\/\/heros.ufms.br\/en\/wp-json\/wp\/v2\/pages\/47\/revisions\/3236"}],"wp:attachment":[{"href":"https:\/\/heros.ufms.br\/en\/wp-json\/wp\/v2\/media?parent=47"}],"wp:term":[{"taxonomy":"author","embeddable":true,"href":"https:\/\/heros.ufms.br\/en\/wp-json\/wp\/v2\/coauthors?post=47"}],"curies":[{"name":"wp","href":"https:\/\/api.w.org\/{rel}","templated":true}]}}