{"id":82,"date":"2013-11-05T09:07:23","date_gmt":"2013-11-05T12:07:23","guid":{"rendered":"http:\/\/heros.draconis.ufms.br\/?page_id=82"},"modified":"2022-06-23T15:32:19","modified_gmt":"2022-06-23T19:32:19","slug":"historico-do-grupo-heros","status":"publish","type":"page","link":"https:\/\/heros.ufms.br\/en\/historico-do-grupo-heros\/","title":{"rendered":"Grupo HEroS"},"content":{"rendered":"<p>&nbsp;<\/p>\n<p style=\"text-align: justify\"><img decoding=\"async\" class=\"aligncenter wp-image-303 size-full\" src=\"https:\/\/heros.ufms.br\/files\/2013\/10\/HEroS-51-e1401978938164.jpg\" alt=\"HEroS-51\" width=\"200\" height=\"78\" \/><\/p>\n<p>&nbsp;<\/p>\n<p style=\"text-align: justify\"><span style=\"font-family: arial, helvetica, sans-serif\">O <span style=\"color: #800000\"><strong><a style=\"color: #800000\" href=\"http:\/\/dgp.cnpq.br\/dgp\/espelhogrupo\/6132631432949959\">Grupo de Pesquisa HEroS<\/a><\/strong><\/span>: Hidrologia, Eros\u00e3o e Sedimentos foi fundado em 2008. Possui na equipe pesquisadores doutores, doutorandos, mestrandos e t\u00e9cnico, assim como alunos de inicia\u00e7\u00e3o cient\u00edfica e estagi\u00e1rios.<\/span><\/p>\n<p style=\"text-align: justify\"><span style=\"font-family: arial, helvetica, sans-serif\">O grupo desenvolve e avalia metodologias, equipamentos e alternativas de manejo de solo e \u00e1gua, bem como caracteriza os processos de infiltra\u00e7\u00e3o, eros\u00e3o, transporte e deposi\u00e7\u00e3o de sedimentos em \u00e1rea urbana e rural. Ainda, o grupo atua no estabelecimento de estrat\u00e9gias de manejo de solo e \u00e1gua e de recupera\u00e7\u00e3o de \u00e1reas degradadas, desenvolvimento urbano e agr\u00e1rio e em trabalhos de recupera\u00e7\u00e3o de estradas rurais com jurisdi\u00e7\u00e3o municipal.<\/span><\/p>\n<p style=\"text-align: justify\"><span style=\"font-family: arial, helvetica, sans-serif\">O simulador de chuvas, desenvolvido pelo l\u00edder do grupo, est\u00e1 sendo usado por diversas institui\u00e7\u00f5es, no Brasil e no exterior, como a UFBA\/BA, UFRJ\/COPPE, UNIOESTE\/PR, UFGD\/MS, UFMT\/MT, UEMS; UFRRJ\/RJ; C\u00f3rdoba na Espanha (IAS\/CSIC), UFPI\/C\u00e2mpus de Bom Jesus, PI; Centro Tecnol\u00f3gico da Cana\/Piracicaba, SP. Essas a\u00e7\u00f5es servem de indicadores de tomadas de decis\u00e3o na gest\u00e3o de Agroneg\u00f3cio dos Recursos H\u00eddricos.<\/span><\/p>\n<p style=\"text-align: justify\"><span style=\"font-family: arial, helvetica, sans-serif\">Com os trabalhos de orienta\u00e7\u00e3o, junto ao curso de gradua\u00e7\u00e3o em Engenharia Ambiental e ao Programa de P\u00f3s-Gradua\u00e7\u00e3o em Tecnologias Ambientais da UFMS, as pesquisas tiveram avan\u00e7os com repercuss\u00f5es positivas. V\u00e1rios artigos foram publicados em revistas cient\u00edficas, nacionais e internacionais, al\u00e9m de palestras regionais e nacionais em exposi\u00e7\u00f5es e encontros t\u00e9cnicos.<\/span><\/p>\n<p style=\"text-align: justify\"><span style=\"font-family: arial, helvetica, sans-serif\">.<\/span><\/p>\n<p style=\"text-align: justify\"><span style=\"font-family: arial, helvetica, sans-serif\">.<\/span><\/p>\n<h6 style=\"text-align: left\"><span style=\"font-family: arial, helvetica, sans-serif;font-size: 12pt\"><strong>+ conte\u00fado voc\u00ea encontra no menu &#8220;Grupos de Pesquisa&#8221; e &#8220;Publica\u00e7\u00f5es&#8221;<\/strong><\/span><\/h6>\n<p>&nbsp;<\/p>\n","protected":false},"excerpt":{"rendered":"<p>&nbsp; &nbsp; O Grupo de Pesquisa HEroS: Hidrologia, Eros\u00e3o e Sedimentos foi fundado em 2008. Possui na equipe pesquisadores doutores, doutorandos, mestrandos e t\u00e9cnico, assim como alunos de inicia\u00e7\u00e3o cient\u00edfica e estagi\u00e1rios. O grupo desenvolve e avalia metodologias, equipamentos e alternativas de manejo de solo e \u00e1gua, bem como caracteriza os processos de infiltra\u00e7\u00e3o, eros\u00e3o, [&hellip;]<\/p>\n","protected":false},"author":788,"featured_media":0,"parent":0,"menu_order":1,"comment_status":"closed","ping_status":"closed","template":"","meta":{"footnotes":""},"coauthors":[],"class_list":["post-82","page","type-page","status-publish","hentry"],"_links":{"self":[{"href":"https:\/\/heros.ufms.br\/en\/wp-json\/wp\/v2\/pages\/82","targetHints":{"allow":["GET"]}}],"collection":[{"href":"https:\/\/heros.ufms.br\/en\/wp-json\/wp\/v2\/pages"}],"about":[{"href":"https:\/\/heros.ufms.br\/en\/wp-json\/wp\/v2\/types\/page"}],"author":[{"embeddable":true,"href":"https:\/\/heros.ufms.br\/en\/wp-json\/wp\/v2\/users\/788"}],"replies":[{"embeddable":true,"href":"https:\/\/heros.ufms.br\/en\/wp-json\/wp\/v2\/comments?post=82"}],"version-history":[{"count":33,"href":"https:\/\/heros.ufms.br\/en\/wp-json\/wp\/v2\/pages\/82\/revisions"}],"predecessor-version":[{"id":3244,"href":"https:\/\/heros.ufms.br\/en\/wp-json\/wp\/v2\/pages\/82\/revisions\/3244"}],"wp:attachment":[{"href":"https:\/\/heros.ufms.br\/en\/wp-json\/wp\/v2\/media?parent=82"}],"wp:term":[{"taxonomy":"author","embeddable":true,"href":"https:\/\/heros.ufms.br\/en\/wp-json\/wp\/v2\/coauthors?post=82"}],"curies":[{"name":"wp","href":"https:\/\/api.w.org\/{rel}","templated":true}]}}