{"id":99,"date":"2014-01-29T14:18:40","date_gmt":"2014-01-29T17:18:40","guid":{"rendered":"http:\/\/heros.draconis.ufms.br\/?page_id=99"},"modified":"2022-06-23T15:31:38","modified_gmt":"2022-06-23T19:31:38","slug":"ufms","status":"publish","type":"page","link":"https:\/\/heros.ufms.br\/en\/ufms\/","title":{"rendered":"UFMS"},"content":{"rendered":"<div id=\"attachment_120\" style=\"width: 310px\" class=\"wp-caption aligncenter\"><a href=\"http:\/\/heros.draconis.ufms.br\/wp-content\/blogs.dir\/99\/files\/2014\/01\/KSCN0001-1024x640.jpg\"><img fetchpriority=\"high\" decoding=\"async\" aria-describedby=\"caption-attachment-120\" class=\"wp-image-120 size-medium\" src=\"https:\/\/heros.ufms.br\/files\/2014\/01\/KSCN0001-1024x640-300x187.jpg\" alt=\"Vista a\u00e9rea da antiga Universidade Estadual, hoje UFMS.\" width=\"300\" height=\"187\" srcset=\"https:\/\/heros.ufms.br\/files\/2014\/01\/KSCN0001-1024x640-300x187.jpg 300w, https:\/\/heros.ufms.br\/files\/2014\/01\/KSCN0001-1024x640-80x50.jpg 80w, https:\/\/heros.ufms.br\/files\/2014\/01\/KSCN0001-1024x640-598x372.jpg 598w, https:\/\/heros.ufms.br\/files\/2014\/01\/KSCN0001-1024x640.jpg 1024w\" sizes=\"(max-width: 300px) 100vw, 300px\" \/><\/a><p id=\"caption-attachment-120\" class=\"wp-caption-text\"><span style=\"font-family: arial, helvetica, sans-serif;font-size: 10pt\">\u00a0 \u00a0 \u00a0 \u00a0Vista a\u00e9rea da antiga UFMS.<\/span><\/p><\/div>\n<p>&nbsp;<\/p>\n<p style=\"text-align: justify\"><span style=\"font-family: arial, helvetica, sans-serif\">A <span style=\"color: #800000\"><strong>Universidade Federal de Mato Grosso do Sul<\/strong><\/span> teve sua origem em 1962, com a cria\u00e7\u00e3o da Faculdade de Farm\u00e1cia e Odontologia, em Campo Grande, tornando-se o embri\u00e3o do ensino superior p\u00fablico no sul do ent\u00e3o Estado de Mato Grosso. Em 26\/07\/1966, pela\u00a0Lei Estadual n\u00ba 2.620, esses cursos foram absorvidos com a cria\u00e7\u00e3o do Instituto de Ci\u00eancias Biol\u00f3gicas de Campo Grande \u2013\u00a0ICBCG, que reformulou a estrutura anterior, instituiu departamentos e criou o curso de Medicina.<\/span><\/p>\n<p data-uw-styling-context=\"true\"><span style=\"font-family: arial, helvetica, sans-serif\">O Governo de Estado de Mato Grosso, em 1967, criou em Corumb\u00e1 o Instituto Superior de Pedagogia e, em Tr\u00eas Lagoas, o Instituto de Ci\u00eancias Humanas e Letras, ampliando assim a rede p\u00fablica estadual de ensino superior.<\/span><\/p>\n<p style=\"text-align: justify\" data-uw-styling-context=\"true\"><span style=\"font-family: arial, helvetica, sans-serif\">Integrando os Institutos de Campo Grande, Corumb\u00e1 e Tr\u00eas Lagoas, a Lei Estadual n\u00ba 2.947, de 16.09.1969, criou a Universidade Estadual de Mato Grosso (UEMT).<\/span><\/p>\n<p style=\"text-align: justify\" data-uw-styling-context=\"true\"><span style=\"font-family: arial, helvetica, sans-serif\">Em 1970, foram criados os Centros Pedag\u00f3gicos de Aquidauana e Dourados; incorporados \u00e0 UEMT.<\/span><br data-uw-styling-context=\"true\" \/><span style=\"font-family: arial, helvetica, sans-serif\">Com a divis\u00e3o do Estado de Mato Grosso, foi concretizada a federaliza\u00e7\u00e3o da institui\u00e7\u00e3o que passou a denominar-se Funda\u00e7\u00e3o Universidade Federal de Mato Grosso do Sul, pela Lei Federal n\u00ba 6.674, de 05.07.1979. O ent\u00e3o Centro Pedag\u00f3gico de Rondon\u00f3polis, sediado em Rondon\u00f3polis\/MT, passou a integrar a Universidade Federal de Mato Grosso (UFMT).<\/span><\/p>\n<p style=\"text-align: justify\" data-uw-styling-context=\"true\"><span style=\"font-family: arial, helvetica, sans-serif\">Al\u00e9m da sede em Campo Grande, onde funcionam as unidades setoriais Faculdade de Ci\u00eancias Farmac\u00eauticas, Alimentos e Nutri\u00e7\u00e3o (Facfan), Instituto de Bioci\u00eancias (Inbio), Instituto Integrado de Sa\u00fade (Inisa), Faculdade de Ci\u00eancias Humanas (Fach), Faculdade de Educa\u00e7\u00e3o (Faed), Faculdade de Artes, Letras e Comunica\u00e7\u00e3o (Faalc), Faculdade de Computa\u00e7\u00e3o (Facom), Faculdade de Direito (Fadir), Faculdade de Medicina (Famed), Faculdade de Medicina Veterin\u00e1ria e Zootecnia (Famez), Faculdade de Odontologia (Faodo) e Faculdade de Engenharias, Arquitetura e Urbanismo e Geografia (Faeng); Instituto de Matem\u00e1tica (Inma), Instituto de Qu\u00edmica (Inqui) e Instituto de F\u00edsica (Infi) a UFMS mant\u00e9m C\u00e2mpus em Aquidauana, Chapad\u00e3o do Sul, Corumb\u00e1, Coxim, Navira\u00ed, Nova Andradina, Parana\u00edba, Ponta Por\u00e3 e Tr\u00eas Lagoas, descentralizando o ensino para atender aos principais p\u00f3los de desenvolvimento do Estado.<\/span><\/p>\n<p style=\"text-align: justify\" data-uw-styling-context=\"true\"><span style=\"font-family: arial, helvetica, sans-serif\">A UFMS possui cursos de gradua\u00e7\u00e3o e p\u00f3s-gradua\u00e7\u00e3o, ambos presenciais e a dist\u00e2ncia. Os cursos de p\u00f3s-gradua\u00e7\u00e3o englobam os cursos de especializa\u00e7\u00e3o e os programas de mestrado e doutorado.<\/span><\/p>\n<p style=\"text-align: justify\" data-uw-styling-context=\"true\"><span style=\"font-family: arial, helvetica, sans-serif\">Visando atingir os objetivos essenciais de aprimoramento do ensino e est\u00edmulo \u00e0s atividades de pesquisa e de extens\u00e3o, a UFMS vem participando ativamente da preserva\u00e7\u00e3o dos recursos naturais do meio ambiente de Mato Grosso do Sul, especialmente da fauna e flora do Pantanal, regi\u00e3o onde est\u00e1 inserida.<\/span><\/p>\n<p style=\"text-align: justify\" data-uw-styling-context=\"true\"><span style=\"font-family: arial, helvetica, sans-serif\">O C\u00e2mpus de Dourados (CPDO) foi transformado na Universidade Federal da Grande Dourados (UFGD), com a sua instala\u00e7\u00e3o ocorrida em 01.01.2006, de acordo com a Lei n\u00ba 11.153, de 29.07.2005.<\/span><\/p>\n<p><span style=\"font-family: arial, helvetica, sans-serif\"><strong>Fonte<\/strong>: <a href=\"https:\/\/www.ufms.br\/universidade\/historico\/\">https:\/\/www.ufms.br\/universidade\/historico\/<\/a><\/span><\/p>\n","protected":false},"excerpt":{"rendered":"<p>&nbsp; A Universidade Federal de Mato Grosso do Sul teve sua origem em 1962, com a cria\u00e7\u00e3o da Faculdade de Farm\u00e1cia e Odontologia, em Campo Grande, tornando-se o embri\u00e3o do ensino superior p\u00fablico no sul do ent\u00e3o Estado de Mato Grosso. Em 26\/07\/1966, pela\u00a0Lei Estadual n\u00ba 2.620, esses cursos foram absorvidos com a cria\u00e7\u00e3o do [&hellip;]<\/p>\n","protected":false},"author":788,"featured_media":0,"parent":0,"menu_order":2,"comment_status":"closed","ping_status":"closed","template":"","meta":{"footnotes":""},"coauthors":[],"class_list":["post-99","page","type-page","status-publish","hentry"],"_links":{"self":[{"href":"https:\/\/heros.ufms.br\/en\/wp-json\/wp\/v2\/pages\/99","targetHints":{"allow":["GET"]}}],"collection":[{"href":"https:\/\/heros.ufms.br\/en\/wp-json\/wp\/v2\/pages"}],"about":[{"href":"https:\/\/heros.ufms.br\/en\/wp-json\/wp\/v2\/types\/page"}],"author":[{"embeddable":true,"href":"https:\/\/heros.ufms.br\/en\/wp-json\/wp\/v2\/users\/788"}],"replies":[{"embeddable":true,"href":"https:\/\/heros.ufms.br\/en\/wp-json\/wp\/v2\/comments?post=99"}],"version-history":[{"count":17,"href":"https:\/\/heros.ufms.br\/en\/wp-json\/wp\/v2\/pages\/99\/revisions"}],"predecessor-version":[{"id":3243,"href":"https:\/\/heros.ufms.br\/en\/wp-json\/wp\/v2\/pages\/99\/revisions\/3243"}],"wp:attachment":[{"href":"https:\/\/heros.ufms.br\/en\/wp-json\/wp\/v2\/media?parent=99"}],"wp:term":[{"taxonomy":"author","embeddable":true,"href":"https:\/\/heros.ufms.br\/en\/wp-json\/wp\/v2\/coauthors?post=99"}],"curies":[{"name":"wp","href":"https:\/\/api.w.org\/{rel}","templated":true}]}}